{"id":20,"date":"2015-08-02T23:05:32","date_gmt":"2015-08-02T21:05:32","guid":{"rendered":"http:\/\/tvhbadminton.de\/?page_id=20"},"modified":"2022-08-30T11:06:19","modified_gmt":"2022-08-30T09:06:19","slug":"impressum","status":"publish","type":"page","link":"http:\/\/tvhbadminton.de\/index.php\/impressum\/","title":{"rendered":"Impressum"},"content":{"rendered":"<h3>Rechtshinweis<\/h3>\n<p>Diensteanbieter im Sinne von $5 Telemediengesetz (TMG) und $55 Rundfunkstaatsvertrag (RStV):<br \/>\n<strong>Abteilung Badminton des TV 1907 Helmsheim e.V.<\/strong><\/p>\n<p><strong>Abteilungsleiter<\/strong>: Horst Birkicht<strong>,<\/strong> Ralf Hellriegel<br \/>\n<strong>TVH-Vereins-Vorst\u00e4nde<\/strong>: Jens Sautter, Caronline Sondermann, Matthias Hellriegel<\/p>\n<p><strong>Webseite<\/strong>: <a href=\"mailto:badminton-tvh@gmx.com\">Matthias Hellriegel<\/a><\/p>\n<h3>Copyright<\/h3>\n<p>Alle Texte, Bilder, Grafiken, Ton-, Video- und Animationsdateien sowie ihre Arrangements unterliegen dem Urheberrecht und anderen Gesetzen zum Schutz geistigen Eigentums. Sie d\u00fcrfen weder f\u00fcr Handelszwecke oder zur Weitergabe kopiert, noch ver\u00e4ndert und auf anderen Web-Sites verwendet werden. Einige Internet-Seiten enthalten auch Bilder, die dem Urheberrecht derjenigen unterliegen, die diese zur Verf\u00fcgung gestellt haben.<\/p>\n<h3>Haftung<\/h3>\n<p>Diese Internetseiten dienen lediglich der Information. Ihr Inhalt wurde mit geb\u00fchrender Sorgfalt zusammengestellt. Wir \u00fcbernehmen aber keine Garantie, weder ausdr\u00fccklich noch implizit, f\u00fcr die Art oder Richtigkeit des dargebotenen Materials und \u00fcbernehmen keine Haftung (einschlie\u00dflich Haftung f\u00fcr indirekten Verlust oder Gewinn- oder Umsatzverluste) bez\u00fcglich des Material bzw. der Nutzung dieses Materials. Sollten Inhalte von Web-Seiten von uns gegen geltende Rechtsvorschriften versto\u00dfen, dann bitten wir um umgehende Benachrichtigung. Wir werden die Seite oder den betreffenden Inhalt dann schnellstm\u00f6glich entfernen. Diese Regelungen entsprechen sinngem\u00e4\u00df dem $5 Absatz 1 und 2 des TDG (Teledienstegesetz).<\/p>\n<h3>Verweise auf externe Web-Seiten<\/h3>\n<p>Die Web-Seiten von uns enthalten Verweise (Links) zu Informationsangeboten auf Servern, die nicht der Kontrolle und Verantwortlichkeit von uns unterliegen. Wir \u00fcbernehmen keine Verantwortung und keine Garantie f\u00fcr diese Informationen und billigt oder unterst\u00fctzt diese auch nicht inhaltlich. Diese Regelungen entsprechen sinngem\u00e4\u00df dem $5 Absatz 3 des TDG (Teledienstegesetz).<\/p>\n<h3>Datenschutz und IT-Sicherheit<\/h3>\n<p>Sofern innerhalb des Internetangebotes die M\u00f6glichkeit zur Eingabe pers\u00f6nlicher oder gesch\u00e4ftlicher Daten (Emailadressen, Namen, Anschriften) besteht, so erfolgt die Freigabe dieser Daten seitens des Nutzers auf ausdr\u00fccklich freiwilliger Basis. Die Inanspruchnahme und Bezahlung aller angebotenen Dienste ist &#8211; soweit technisch m\u00f6glich und zumutbar &#8211; auch ohne Angabe solcher Daten bzw. unter Angabe anonymisierter Daten oder eines Pseudonyms gestattet.<\/p>\n","protected":false},"excerpt":{"rendered":"<p>Rechtshinweis Diensteanbieter im Sinne von $5 Telemediengesetz (TMG) und $55 Rundfunkstaatsvertrag (RStV): Abteilung Badminton des TV 1907 Helmsheim e.V. Abteilungsleiter: Horst Birkicht, Ralf Hellriegel TVH-Vereins-Vorst\u00e4nde: Jens Sautter, Caronline Sondermann, Matthias Hellriegel Webseite: Matthias Hellriegel Copyright Alle Texte, Bilder, Grafiken, Ton-, Video- und Animationsdateien sowie ihre Arrangements unterliegen dem Urheberrecht und anderen Gesetzen zum Schutz geistigen [&hellip;]<\/p>\n","protected":false},"author":1,"featured_media":0,"parent":0,"menu_order":4,"comment_status":"closed","ping_status":"closed","template":"","meta":{"footnotes":""},"class_list":["post-20","page","type-page","status-publish","hentry"],"_links":{"self":[{"href":"http:\/\/tvhbadminton.de\/index.php\/wp-json\/wp\/v2\/pages\/20","targetHints":{"allow":["GET"]}}],"collection":[{"href":"http:\/\/tvhbadminton.de\/index.php\/wp-json\/wp\/v2\/pages"}],"about":[{"href":"http:\/\/tvhbadminton.de\/index.php\/wp-json\/wp\/v2\/types\/page"}],"author":[{"embeddable":true,"href":"http:\/\/tvhbadminton.de\/index.php\/wp-json\/wp\/v2\/users\/1"}],"replies":[{"embeddable":true,"href":"http:\/\/tvhbadminton.de\/index.php\/wp-json\/wp\/v2\/comments?post=20"}],"version-history":[{"count":8,"href":"http:\/\/tvhbadminton.de\/index.php\/wp-json\/wp\/v2\/pages\/20\/revisions"}],"predecessor-version":[{"id":68,"href":"http:\/\/tvhbadminton.de\/index.php\/wp-json\/wp\/v2\/pages\/20\/revisions\/68"}],"wp:attachment":[{"href":"http:\/\/tvhbadminton.de\/index.php\/wp-json\/wp\/v2\/media?parent=20"}],"curies":[{"name":"wp","href":"https:\/\/api.w.org\/{rel}","templated":true}]}}